{"id":514,"date":"2024-07-08T09:02:45","date_gmt":"2024-07-08T07:02:45","guid":{"rendered":"https:\/\/www.cmcvconsult.com\/?page_id=514"},"modified":"2025-01-30T17:41:33","modified_gmt":"2025-01-30T16:41:33","slug":"tarifs","status":"publish","type":"page","link":"https:\/\/www.cmcvconsult.com\/index.php\/tarifs\/","title":{"rendered":"Tarifs"},"content":{"rendered":"\n<p>Dans un souci de transparence, et contrairement \u00e0 la majeure partie de la concurrence, <strong><em>CMCV Consult<\/em><\/strong> affiche ses tarifs.<\/p>\n\n\n\n<p>En accord avec l&rsquo;article 293 B du CGI (Code g\u00e9n\u00e9ral des imp\u00f4ts), <strong><em>CMCV Consult<\/em><\/strong> \u00e9tant une Entreprise Individuelle, la TVA est non applicable. <\/p>\n\n\n\n<h3 class=\"wp-block-heading\">Forfaits <\/h3>\n\n\n\n<figure class=\"wp-block-table\"><table><tbody><tr><td><strong>Description<\/strong><\/td><td class=\"has-text-align-right\" data-align=\"right\"><strong>Tarif<\/strong><\/td><\/tr><tr><td><a href=\"https:\/\/www.cmcvconsult.com\/index.php\/2024\/01\/03\/essentiel\/\" title=\"Le Forfait Essentiel\">Forfait Essentiel<\/a>                                 <\/td><td class=\"has-text-align-right\" data-align=\"right\">350\u20ac\/mois<\/td><\/tr><tr><td><a href=\"https:\/\/www.cmcvconsult.com\/index.php\/2024\/01\/17\/le-tout-en-un\/\" title=\"Le Forfait Avantage\">Forfait Avantage<\/a>                               <\/td><td class=\"has-text-align-right\" data-align=\"right\">650\u20ac\/mois<\/td><\/tr><\/tbody><\/table><\/figure>\n\n\n\n<h3 class=\"wp-block-heading\">Services Informatique<\/h3>\n\n\n\n<p>Les tarifs des services sont d\u00e9pendants de la dimension de votre parc. La base de calcul est la <strong>demi-journ\u00e9e.<\/strong> Ils sont donn\u00e9s \u00e0 titre indicatif et peuvent \u00eatre d\u00e9gressifs en cas de contrat r\u00e9current.<\/p>\n\n\n\n<p><strong>Avant toute prestation<\/strong>, un devis doit \u00eatre \u00e9tabli par <strong><em>CMCV Consult<\/em><\/strong> et sign\u00e9 par <strong><em>Client<\/em><\/strong>. <\/p>\n\n\n\n<figure class=\"wp-block-table\"><table><tbody><tr><td><strong>Description<\/strong><\/td><td class=\"has-text-align-right\" data-align=\"right\"><strong>Tarif <\/strong><\/td><\/tr><tr><td>Plan de Reprise d&rsquo;Activit\u00e9*<\/td><td class=\"has-text-align-right\" data-align=\"right\">350\u20ac*<\/td><\/tr><tr><td>Bilan S\u00e9curit\u00e9 Informatique*<\/td><td class=\"has-text-align-right\" data-align=\"right\">350\u20ac*<\/td><\/tr><tr><td>Demi-journ\u00e9e Consulting<\/td><td class=\"has-text-align-right\" data-align=\"right\">350\u20ac<\/td><\/tr><tr><td>Journ\u00e9e Consulting<\/td><td class=\"has-text-align-right\" data-align=\"right\">650\u20ac<\/td><\/tr><\/tbody><\/table><figcaption class=\"wp-element-caption\">*la demi-journ\u00e9e<\/figcaption><\/figure>\n\n\n\n<p>Dans le cas o\u00f9 un devis n\u00e9cessite la constitution d&rsquo;un dossier de prestation et qu&rsquo;il n&rsquo;est pas suivi d&rsquo;une commande, il sera facturable au tarif suivant.<\/p>\n\n\n\n<figure class=\"wp-block-table\"><table><tbody><tr><td>Visite des locaux, collecte des besoins et sp\u00e9cificit\u00e9 clients<\/td><td>80\u20ac<\/td><\/tr><tr><td>Constitution du dossier de prestation :<br>&#8211; Analyse des besoins et sp\u00e9cificit\u00e9s<br>&#8211; Recherche de solutions ad\u00e9quates<br>&#8211; R\u00e9daction du dossier de prestation<\/td><td>55\u20ac\/h<\/td><\/tr><\/tbody><\/table><\/figure>\n\n\n\n<div class=\"wp-block-buttons is-content-justification-center is-layout-flex wp-container-core-buttons-is-layout-a89b3969 wp-block-buttons-is-layout-flex\">\n<div class=\"wp-block-button is-style-fill\"><a class=\"wp-block-button__link has-accent-3-color has-base-2-background-color has-text-color has-background has-link-color has-border-color has-accent-3-border-color wp-element-button\" href=\"https:\/\/www.cmcvconsult.com\/index.php\/demande-de-devis\/\" style=\"border-width:3px;border-radius:100px\">Demander un devis<\/a><\/div>\n<\/div>\n\n\n\n<h3 class=\"wp-block-heading\">Formations\/Sensibilisations<\/h3>\n\n\n\n<p>Les formations et sensibilisations sont effectu\u00e9es dans vos locaux, ou \u00e0 d\u00e9faut dans une salle mise \u00e0 disposition par vos soins. Les tarifs ci-apr\u00e8s ne prennent en charge que la prestation p\u00e9dagogique.<\/p>\n\n\n\n<p>Chaque module est propos\u00e9 sur une journ\u00e9e, pour 8 \u00e0 10 personnes maximum.<\/p>\n\n\n\n<figure class=\"wp-block-table\"><table><tbody><tr><td><strong>Description<\/strong><\/td><td class=\"has-text-align-right\" data-align=\"right\"><strong>Tarif<\/strong><\/td><\/tr><tr><td>1 module <\/td><td class=\"has-text-align-right\" data-align=\"right\">750\u20ac<\/td><\/tr><tr><td>2 modules<\/td><td class=\"has-text-align-right\" data-align=\"right\">1400\u20ac<\/td><\/tr><tr><td>3 modules<\/td><td class=\"has-text-align-right\" data-align=\"right\">2000\u20ac<\/td><\/tr><\/tbody><\/table><\/figure>\n\n\n\n<div class=\"wp-block-buttons is-content-justification-center is-layout-flex wp-container-core-buttons-is-layout-a89b3969 wp-block-buttons-is-layout-flex\">\n<div class=\"wp-block-button\"><a class=\"wp-block-button__link has-accent-3-color has-base-2-background-color has-text-color has-background has-link-color has-border-color has-accent-3-border-color wp-element-button\" href=\"https:\/\/www.cmcvconsult.com\/index.php\/2023\/11\/20\/formation-en-securite\/\" style=\"border-width:3px;border-radius:100px\">Contenu des modules<\/a><\/div>\n\n\n\n<div class=\"wp-block-button\"><a class=\"wp-block-button__link has-accent-3-color has-base-2-background-color has-text-color has-background has-link-color has-border-color has-accent-3-border-color wp-element-button\" href=\"https:\/\/www.cmcvconsult.com\/index.php\/demande-de-devis\/\" style=\"border-width:3px;border-radius:100px\">Demander un devis<\/a><\/div>\n<\/div>\n\n\n\n<h3 class=\"wp-block-heading\">D\u00e9pannage\/Demande de Service<\/h3>\n\n\n\n<p>Ces tarifs ne concernent que les interventions de maintenance<\/p>\n\n\n\n<figure class=\"wp-block-table\"><table><tbody><tr><td><strong>Interventions<\/strong><\/td><td class=\"has-text-align-right\" data-align=\"right\"><strong>Tarif<\/strong><\/td><\/tr><tr><td>du lundi au vendredi, de 9h \u00e0 18h<\/td><td class=\"has-text-align-right\" data-align=\"right\">95\u20ac<\/td><\/tr><tr><td>Forfait 5 interventions (valable 1 an)<\/td><td class=\"has-text-align-right\" data-align=\"right\">395\u20ac<\/td><\/tr><tr><td>Forfait 10 interventions (valable 1 an)<\/td><td class=\"has-text-align-right\" data-align=\"right\">750\u20ac<\/td><\/tr><\/tbody><\/table><figcaption class=\"wp-element-caption\">*Toute heure commenc\u00e9e est due<\/figcaption><\/figure>\n\n\n\n<p>Pour <strong>plus d&rsquo;informations<\/strong> concernant <strong>les Tarifs<\/strong> de CMCV Consult, n&rsquo;h\u00e9sitez pas \u00e0 <strong>prendre un rendez<\/strong>&#8211;<strong>vous <\/strong>de pr\u00e9sentation de nos services, c&rsquo;est <strong>gratuit <\/strong>et <strong>sans engagement<\/strong>.<\/p>\n\n\n\n<div class=\"wp-block-buttons is-content-justification-center is-layout-flex wp-container-core-buttons-is-layout-a89b3969 wp-block-buttons-is-layout-flex\">\n<div class=\"wp-block-button\"><a class=\"wp-block-button__link has-accent-3-color has-base-2-background-color has-text-color has-background has-link-color has-border-color wp-element-button\" href=\"https:\/\/calendar.app.google\/gyNYz81tFNNtuanE6\" style=\"border-color:#d8613c;border-width:3px;border-radius:100px\">Prendre un Rendez-Vous<\/a><\/div>\n<\/div>\n","protected":false},"excerpt":{"rendered":"<p>Dans un souci de transparence, et contrairement \u00e0 la majeure partie de la concurrence, CMCV Consult affiche ses tarifs. En accord avec l&rsquo;article 293 B du CGI (Code g\u00e9n\u00e9ral des imp\u00f4ts), CMCV Consult \u00e9tant une Entreprise Individuelle, la TVA est non applicable. Forfaits Description Tarif Forfait Essentiel 350\u20ac\/mois Forfait Avantage 650\u20ac\/mois Services Informatique Les tarifs [&hellip;]<\/p>\n","protected":false},"author":1,"featured_media":0,"parent":0,"menu_order":0,"comment_status":"closed","ping_status":"closed","template":"","meta":{"footnotes":""},"class_list":["post-514","page","type-page","status-publish","hentry"],"_links":{"self":[{"href":"https:\/\/www.cmcvconsult.com\/index.php\/wp-json\/wp\/v2\/pages\/514","targetHints":{"allow":["GET"]}}],"collection":[{"href":"https:\/\/www.cmcvconsult.com\/index.php\/wp-json\/wp\/v2\/pages"}],"about":[{"href":"https:\/\/www.cmcvconsult.com\/index.php\/wp-json\/wp\/v2\/types\/page"}],"author":[{"embeddable":true,"href":"https:\/\/www.cmcvconsult.com\/index.php\/wp-json\/wp\/v2\/users\/1"}],"replies":[{"embeddable":true,"href":"https:\/\/www.cmcvconsult.com\/index.php\/wp-json\/wp\/v2\/comments?post=514"}],"version-history":[{"count":27,"href":"https:\/\/www.cmcvconsult.com\/index.php\/wp-json\/wp\/v2\/pages\/514\/revisions"}],"predecessor-version":[{"id":673,"href":"https:\/\/www.cmcvconsult.com\/index.php\/wp-json\/wp\/v2\/pages\/514\/revisions\/673"}],"wp:attachment":[{"href":"https:\/\/www.cmcvconsult.com\/index.php\/wp-json\/wp\/v2\/media?parent=514"}],"curies":[{"name":"wp","href":"https:\/\/api.w.org\/{rel}","templated":true}]}}