{"id":3,"date":"2023-11-20T10:10:22","date_gmt":"2023-11-20T09:10:22","guid":{"rendered":"https:\/\/www.cmcvconsult.fr\/?page_id=3"},"modified":"2024-06-24T11:09:59","modified_gmt":"2024-06-24T09:09:59","slug":"politique-de-confidentialite","status":"publish","type":"page","link":"https:\/\/www.cmcvconsult.com\/index.php\/politique-de-confidentialite\/","title":{"rendered":"Politique de confidentialit\u00e9"},"content":{"rendered":"\n<h2 class=\"wp-block-heading\">Utilisation et transmission de vos donn\u00e9es personnelles<\/h2>\n\n\n\n<p>L&rsquo;ensemble des donn\u00e9es collect\u00e9es ou que vous nous avez transmises ne sont utilis\u00e9es que pour l&rsquo;activit\u00e9 de <strong><em>CMCV Consult<\/em><\/strong>. Aucune transmission externe ne sera effectu\u00e9e pour des raisons de marketing ou sortant du cadre l\u00e9gal sans votre consentement express et \u00e9clair\u00e9.<\/p>\n\n\n\n<h2 class=\"wp-block-heading\">Dur\u00e9es de stockage de vos donn\u00e9es<\/h2>\n\n\n\n<p>Sauf accord contraire, CMCV Consult se r\u00e9serve le droit de conserver les donn\u00e9es collect\u00e9es et\/ou transmises sans limite de temps.<\/p>\n\n\n\n<h2 class=\"wp-block-heading\">O\u00f9 vos donn\u00e9es sont envoy\u00e9es<\/h2>\n\n\n\n<p>Nulle part. L&rsquo;ensemble des donn\u00e9es collect\u00e9es, que ce soit pour la prospection ou pour la prestation sont stock\u00e9es uniquement dans le cadre de ses activit\u00e9s et sont conserv\u00e9es de fa\u00e7on s\u00e9curis\u00e9e et confidentielle. CMCV Consult s&rsquo;engage \u00e0 ne jamais les divulguer. <\/p>\n\n\n\n<h2 class=\"wp-block-heading\">Les droits que vous avez sur vos donn\u00e9es<\/h2>\n\n\n\n<p>Vous disposez d&rsquo;un droit de consultation de l&rsquo;ensemble des donn\u00e9es que nous avons collect\u00e9 \u00e0 votre sujet. Vous pouvez \u00e9galement demander la suppression des donn\u00e9es personnelles vous concernant. Cela ne prend pas en compte les donn\u00e9es stock\u00e9es \u00e0 des fins administratives, l\u00e9gales ou pour des raisons de s\u00e9curit\u00e9.<\/p>\n\n\n\n<h2 class=\"wp-block-heading\">Contenu embarqu\u00e9 depuis d\u2019autres sites<\/h2>\n\n\n\n<p>Le contenu int\u00e9gr\u00e9 depuis d\u2019autres sites se comporte de la m\u00eame mani\u00e8re que si le visiteur se rendait sur cet autre site.<\/p>\n\n\n\n<p>Ces sites web pourraient collecter des donn\u00e9es sur vous, utiliser des cookies, embarquer des outils de suivis tiers, suivre vos interactions avec ces contenus embarqu\u00e9s si vous disposez d\u2019un compte connect\u00e9 sur leur site web.<\/p>\n\n\n\n<p><strong><em>CMCV Consult<\/em><\/strong> ne peut \u00eatre tenu pour responsable de la collecte et\/ou de l&rsquo;usage fait de vos donn\u00e9es par ces sites externes.<\/p>\n","protected":false},"excerpt":{"rendered":"<p>Utilisation et transmission de vos donn\u00e9es personnelles L&rsquo;ensemble des donn\u00e9es collect\u00e9es ou que vous nous avez transmises ne sont utilis\u00e9es que pour l&rsquo;activit\u00e9 de CMCV Consult. Aucune transmission externe ne sera effectu\u00e9e pour des raisons de marketing ou sortant du cadre l\u00e9gal sans votre consentement express et \u00e9clair\u00e9. Dur\u00e9es de stockage de vos donn\u00e9es Sauf [&hellip;]<\/p>\n","protected":false},"author":1,"featured_media":0,"parent":0,"menu_order":0,"comment_status":"closed","ping_status":"open","template":"","meta":{"footnotes":""},"class_list":["post-3","page","type-page","status-publish","hentry"],"_links":{"self":[{"href":"https:\/\/www.cmcvconsult.com\/index.php\/wp-json\/wp\/v2\/pages\/3","targetHints":{"allow":["GET"]}}],"collection":[{"href":"https:\/\/www.cmcvconsult.com\/index.php\/wp-json\/wp\/v2\/pages"}],"about":[{"href":"https:\/\/www.cmcvconsult.com\/index.php\/wp-json\/wp\/v2\/types\/page"}],"author":[{"embeddable":true,"href":"https:\/\/www.cmcvconsult.com\/index.php\/wp-json\/wp\/v2\/users\/1"}],"replies":[{"embeddable":true,"href":"https:\/\/www.cmcvconsult.com\/index.php\/wp-json\/wp\/v2\/comments?post=3"}],"version-history":[{"count":5,"href":"https:\/\/www.cmcvconsult.com\/index.php\/wp-json\/wp\/v2\/pages\/3\/revisions"}],"predecessor-version":[{"id":483,"href":"https:\/\/www.cmcvconsult.com\/index.php\/wp-json\/wp\/v2\/pages\/3\/revisions\/483"}],"wp:attachment":[{"href":"https:\/\/www.cmcvconsult.com\/index.php\/wp-json\/wp\/v2\/media?parent=3"}],"curies":[{"name":"wp","href":"https:\/\/api.w.org\/{rel}","templated":true}]}}